{"id":951,"date":"2025-12-02T14:36:38","date_gmt":"2025-12-02T12:36:38","guid":{"rendered":"https:\/\/emiralmedia.ro\/site\/cope\/sala-dimitrie-cantemir\/"},"modified":"2025-12-09T10:11:11","modified_gmt":"2025-12-09T08:11:11","slug":"sala-dimitrie-cantemir","status":"publish","type":"page","link":"https:\/\/cope.ro\/en\/sala-dimitrie-cantemir\/","title":{"rendered":"Sala Dimitrie Cantemir\u200b"},"content":{"rendered":"\t\t<div data-elementor-type=\"wp-page\" data-elementor-id=\"951\" class=\"elementor elementor-951 elementor-494\" data-elementor-post-type=\"page\">\n\t\t\t\t<div class=\"elementor-element elementor-element-d17576 e-flex e-con-boxed e-con e-parent\" data-id=\"d17576\" data-element_type=\"container\" data-e-type=\"container\" data-settings=\"{&quot;background_background&quot;:&quot;classic&quot;}\">\n\t\t\t\t\t<div class=\"e-con-inner\">\n\t\t<div class=\"elementor-element elementor-element-766ab126 e-con-full e-flex e-con e-child\" data-id=\"766ab126\" data-element_type=\"container\" data-e-type=\"container\">\n\t\t\t\t<div class=\"elementor-element elementor-element-3bf1d0c0 elementor-invisible elementor-widget elementor-widget-heading\" data-id=\"3bf1d0c0\" data-element_type=\"widget\" data-e-type=\"widget\" data-settings=\"{&quot;_animation&quot;:&quot;fadeInUp&quot;,&quot;_animation_delay&quot;:200}\" data-widget_type=\"heading.default\">\n\t\t\t\t\t<h1 class=\"elementor-heading-title elementor-size-default\">Sala <br>Dimitrie Cantemir<\/h1>\t\t\t\t<\/div>\n\t\t\t\t<\/div>\n\t\t\t\t\t<\/div>\n\t\t\t\t<\/div>\n\t\t<div class=\"elementor-element elementor-element-dfa7a20 e-flex e-con-boxed e-con e-parent\" data-id=\"dfa7a20\" data-element_type=\"container\" data-e-type=\"container\">\n\t\t\t\t\t<div class=\"e-con-inner\">\n\t\t<div class=\"elementor-element elementor-element-a237519 e-con-full e-flex e-con e-child\" data-id=\"a237519\" data-element_type=\"container\" data-e-type=\"container\">\n\t\t<div class=\"elementor-element elementor-element-203174b e-con-full e-flex e-con e-child\" data-id=\"203174b\" data-element_type=\"container\" data-e-type=\"container\" data-settings=\"{&quot;background_background&quot;:&quot;classic&quot;}\">\n\t\t\t\t<div class=\"elementor-element elementor-element-79aac22 elementor-widget elementor-widget-text-editor\" data-id=\"79aac22\" data-element_type=\"widget\" data-e-type=\"widget\" data-widget_type=\"text-editor.default\">\n\t\t\t\t\t\t\t\t\tSala Dimitrie Cantemir (Salonul Alb) se afl\u0103 l\u00e2ng\u0103 Cabinetul pre\u015fedintelui Senatului Rom\u00e2niei \u0219i g\u0103zduie\u015fte primiri ale\ndelega\u021biilor care efectueaz\u0103 vizite oficiale, \u00eentrevederi, precum \u015fi evenimente organizate de comisiile parlamentare. Principala caracteristic\u0103 arhitectural\u0103 a s\u0103lii este \u00eembinarea de diferite esen\u021be pentru realizarea pardoselii, mai exact: stejar, paltin, mahon, cu chenar perimetral.\t\t\t\t\t\t\t\t<\/div>\n\t\t<div class=\"elementor-element elementor-element-18613ee e-con-full e-flex e-con e-child\" data-id=\"18613ee\" data-element_type=\"container\" data-e-type=\"container\" data-settings=\"{&quot;background_background&quot;:&quot;slideshow&quot;,&quot;background_slideshow_gallery&quot;:[{&quot;id&quot;:902,&quot;url&quot;:&quot;https:\\\/\\\/cope.ro\\\/wp-content\\\/uploads\\\/Sala-Dimitrie-Cantamir-2.jpg&quot;},{&quot;id&quot;:903,&quot;url&quot;:&quot;https:\\\/\\\/cope.ro\\\/wp-content\\\/uploads\\\/Sala-Dimitrie-Cantamir-1.jpg&quot;}],&quot;background_slideshow_lazyload&quot;:&quot;yes&quot;,&quot;background_slideshow_ken_burns&quot;:&quot;yes&quot;,&quot;background_slideshow_loop&quot;:&quot;yes&quot;,&quot;background_slideshow_slide_duration&quot;:5000,&quot;background_slideshow_slide_transition&quot;:&quot;fade&quot;,&quot;background_slideshow_transition_duration&quot;:500,&quot;background_slideshow_ken_burns_zoom_direction&quot;:&quot;in&quot;}\">\n\t\t\t\t<\/div>\n\t\t\t\t<div class=\"elementor-element elementor-element-8625c3a elementor-widget elementor-widget-text-editor\" data-id=\"8625c3a\" data-element_type=\"widget\" data-e-type=\"widget\" data-widget_type=\"text-editor.default\">\n\t\t\t\t\t\t\t\t\tMobilat ini\u0163ial, \u00een 2005, cu masa verde, dreptunghiular\u0103, adus\u0103 din fostul sediu al Senatului, Salonul &#8220;Dimitrie Cantemir&#8221; a fost complet renovat \u00een vara anului 2007 \u015fi redecorat. Decora\u0163ia pere\u0163ilor este realizat\u0103 din stucatur\u0103 din ipsos cu pila\u015ftri cu caneluri de culoare alb\u0103 \u015fi lambriuri din marmur\u0103 alb\u0103 de Ru\u015fchi\u0163a pe o \u00een\u0103l\u0163ime de un metru.\nP\u00e2n\u0103 \u00een anul 2004 salonul a f\u0103cut parte din spa\u0163iile Clubului Parlamentarilor. Dup\u0103 preluarea s\u0103lilor de c\u0103tre Senat, \u00een salon au loc primirile pre\u015fedintelui Senatului, altele dec\u00e2t cele desf\u0103\u015furate la Sala Constantin Br\u00e2ncoveanu sau Cabinet, ale vicepre\u015fedin\u0163ilor \u015fi celorlal\u0163i membri ai Biroului permanent, precum \u015fi \u00eentrevederi ale comisiilor permanente ale Senatului.\t\t\t\t\t\t\t\t<\/div>\n\t\t\t\t<\/div>\n\t\t\t\t<\/div>\n\t\t\t\t\t<\/div>\n\t\t\t\t<\/div>\n\t\t<div class=\"elementor-element elementor-element-f6ddba6 e-flex e-con-boxed e-con e-parent\" data-id=\"f6ddba6\" data-element_type=\"container\" data-e-type=\"container\" data-settings=\"{&quot;background_background&quot;:&quot;classic&quot;}\">\n\t\t\t\t\t<div class=\"e-con-inner\">\n\t\t<div class=\"elementor-element elementor-element-11f9395 e-con-full e-flex elementor-invisible e-con e-child\" data-id=\"11f9395\" data-element_type=\"container\" data-e-type=\"container\" data-settings=\"{&quot;animation&quot;:&quot;fadeInRight&quot;,&quot;animation_delay&quot;:200}\">\n\t\t\t\t<div class=\"elementor-element elementor-element-4a8a6b5 elementor-widget elementor-widget-heading\" data-id=\"4a8a6b5\" data-element_type=\"widget\" data-e-type=\"widget\" data-widget_type=\"heading.default\">\n\t\t\t\t\t<div class=\"elementor-heading-title elementor-size-default\">Programeaz\u0103 o vizit\u0103<\/div>\t\t\t\t<\/div>\n\t\t\t\t<div class=\"elementor-element elementor-element-e39dcb7 elementor-widget elementor-widget-heading\" data-id=\"e39dcb7\" data-element_type=\"widget\" data-e-type=\"widget\" data-widget_type=\"heading.default\">\n\t\t\t\t\t<div class=\"elementor-heading-title elementor-size-default\"> Descoper\u0103 spa\u021biile impresionante ale Palatului Parlamentului \u0219i tr\u0103ie\u0219te experien\u021ba unic\u0103 oferit\u0103 de Senatul Rom\u00e2niei. Exploreaz\u0103 arhitectura, atmosfera \u0219i facilit\u0103\u021bile \u00eentr-un tur dedicat, care \u00ee\u021bi permite s\u0103 \u00een\u021belegi pe deplin poten\u021bialul fiec\u0103rui spa\u021biu.<\/div>\t\t\t\t<\/div>\n\t\t\t\t<div class=\"elementor-element elementor-element-cb870d2 elementor-mobile-align-justify elementor-align-center elementor-invisible elementor-widget elementor-widget-button\" data-id=\"cb870d2\" data-element_type=\"widget\" data-e-type=\"widget\" data-settings=\"{&quot;_animation&quot;:&quot;fadeInLeft&quot;,&quot;_animation_delay&quot;:400}\" data-widget_type=\"button.default\">\n\t\t\t\t\t\t\t\t\t\t<a class=\"elementor-button elementor-button-link elementor-size-sm\" href=\"https:\/\/cope.ro\/en\/visits\/\">\n\t\t\t\t\t\t<span class=\"elementor-button-content-wrapper\">\n\t\t\t\t\t\t\t\t\t<span class=\"elementor-button-text\">Programeaz\u0103 o vizit\u0103<\/span>\n\t\t\t\t\t<\/span>\n\t\t\t\t\t<\/a>\n\t\t\t\t\t\t\t\t<\/div>\n\t\t\t\t<\/div>\n\t\t\t\t\t<\/div>\n\t\t\t\t<\/div>\n\t\t\t\t<\/div>\n\t\t","protected":false},"excerpt":{"rendered":"<p>Sala Dimitrie Cantemir Sala Dimitrie Cantemir (Salonul Alb) se afl\u0103 l\u00e2ng\u0103 Cabinetul pre\u015fedintelui Senatului Rom\u00e2niei \u0219i g\u0103zduie\u015fte primiri ale delega\u021biilor care efectueaz\u0103 vizite oficiale, \u00eentrevederi, precum \u015fi evenimente organizate de comisiile parlamentare. Principala caracteristic\u0103 arhitectural\u0103 a s\u0103lii este \u00eembinarea de diferite esen\u021be pentru realizarea pardoselii, mai exact: stejar, paltin, mahon, cu chenar perimetral.Mobilat ini\u0163ial, \u00een [&hellip;]<\/p>\n","protected":false},"author":4,"featured_media":0,"parent":0,"menu_order":0,"comment_status":"closed","ping_status":"closed","template":"","meta":{"footnotes":""},"class_list":["post-951","page","type-page","status-publish","hentry"],"yoast_head":"<!-- This site is optimized with the Yoast SEO plugin v27.2 - https:\/\/yoast.com\/product\/yoast-seo-wordpress\/ -->\n<title>Sala Dimitrie Cantemir\u200b - Cope<\/title>\n<meta name=\"robots\" content=\"index, follow, max-snippet:-1, max-image-preview:large, max-video-preview:-1\" \/>\n<link rel=\"canonical\" href=\"https:\/\/cope.ro\/en\/sala-dimitrie-cantemir\/\" \/>\n<meta property=\"og:locale\" content=\"en_US\" \/>\n<meta property=\"og:type\" content=\"article\" \/>\n<meta property=\"og:title\" content=\"Sala Dimitrie Cantemir\u200b - Cope\" \/>\n<meta property=\"og:description\" content=\"Sala Dimitrie Cantemir Sala Dimitrie Cantemir (Salonul Alb) se afl\u0103 l\u00e2ng\u0103 Cabinetul pre\u015fedintelui Senatului Rom\u00e2niei \u0219i g\u0103zduie\u015fte primiri ale delega\u021biilor care efectueaz\u0103 vizite oficiale, \u00eentrevederi, precum \u015fi evenimente organizate de comisiile parlamentare. Principala caracteristic\u0103 arhitectural\u0103 a s\u0103lii este \u00eembinarea de diferite esen\u021be pentru realizarea pardoselii, mai exact: stejar, paltin, mahon, cu chenar perimetral.Mobilat ini\u0163ial, \u00een [&hellip;]\" \/>\n<meta property=\"og:url\" content=\"https:\/\/cope.ro\/en\/sala-dimitrie-cantemir\/\" \/>\n<meta property=\"og:site_name\" content=\"Cope\" \/>\n<meta property=\"article:modified_time\" content=\"2025-12-09T08:11:11+00:00\" \/>\n<meta property=\"og:image\" content=\"https:\/\/cope.ro\/wp-content\/uploads\/SHJ1.jpg\" \/>\n\t<meta property=\"og:image:width\" content=\"1600\" \/>\n\t<meta property=\"og:image:height\" content=\"900\" \/>\n\t<meta property=\"og:image:type\" content=\"image\/jpeg\" \/>\n<meta name=\"twitter:card\" content=\"summary_large_image\" \/>\n<meta name=\"twitter:label1\" content=\"Est. reading time\" \/>\n\t<meta name=\"twitter:data1\" content=\"1 minute\" \/>\n<script type=\"application\/ld+json\" class=\"yoast-schema-graph\">{\"@context\":\"https:\/\/schema.org\",\"@graph\":[{\"@type\":\"WebPage\",\"@id\":\"https:\/\/cope.ro\/en\/sala-dimitrie-cantemir\/\",\"url\":\"https:\/\/cope.ro\/en\/sala-dimitrie-cantemir\/\",\"name\":\"Sala Dimitrie Cantemir\u200b - Cope\",\"isPartOf\":{\"@id\":\"https:\/\/cope.ro\/en\/#website\"},\"datePublished\":\"2025-12-02T12:36:38+00:00\",\"dateModified\":\"2025-12-09T08:11:11+00:00\",\"breadcrumb\":{\"@id\":\"https:\/\/cope.ro\/en\/sala-dimitrie-cantemir\/#breadcrumb\"},\"inLanguage\":\"en-US\",\"potentialAction\":[{\"@type\":\"ReadAction\",\"target\":[\"https:\/\/cope.ro\/en\/sala-dimitrie-cantemir\/\"]}]},{\"@type\":\"BreadcrumbList\",\"@id\":\"https:\/\/cope.ro\/en\/sala-dimitrie-cantemir\/#breadcrumb\",\"itemListElement\":[{\"@type\":\"ListItem\",\"position\":1,\"name\":\"Prima pagin\u0103\",\"item\":\"https:\/\/cope.ro\/en\/\"},{\"@type\":\"ListItem\",\"position\":2,\"name\":\"Sala Dimitrie Cantemir\u200b\"}]},{\"@type\":\"WebSite\",\"@id\":\"https:\/\/cope.ro\/en\/#website\",\"url\":\"https:\/\/cope.ro\/en\/\",\"name\":\"Center for organizing and promoting events\",\"description\":\"Centrul pentru organizare \u0219i promovare evenimente\",\"publisher\":{\"@id\":\"https:\/\/cope.ro\/en\/#organization\"},\"potentialAction\":[{\"@type\":\"SearchAction\",\"target\":{\"@type\":\"EntryPoint\",\"urlTemplate\":\"https:\/\/cope.ro\/en\/?s={search_term_string}\"},\"query-input\":{\"@type\":\"PropertyValueSpecification\",\"valueRequired\":true,\"valueName\":\"search_term_string\"}}],\"inLanguage\":\"en-US\"},{\"@type\":\"Organization\",\"@id\":\"https:\/\/cope.ro\/en\/#organization\",\"name\":\"Center for organizing and promoting events\",\"url\":\"https:\/\/cope.ro\/en\/\",\"logo\":{\"@type\":\"ImageObject\",\"inLanguage\":\"en-US\",\"@id\":\"https:\/\/cope.ro\/en\/#\/schema\/logo\/image\/\",\"url\":\"https:\/\/cope.ro\/wp-content\/uploads\/Logo-COPE-H11.png\",\"contentUrl\":\"https:\/\/cope.ro\/wp-content\/uploads\/Logo-COPE-H11.png\",\"width\":2023,\"height\":872,\"caption\":\"Center for organizing and promoting events\"},\"image\":{\"@id\":\"https:\/\/cope.ro\/en\/#\/schema\/logo\/image\/\"}}]}<\/script>\n<!-- \/ Yoast SEO plugin. -->","yoast_head_json":{"title":"Sala Dimitrie Cantemir\u200b - Cope","robots":{"index":"index","follow":"follow","max-snippet":"max-snippet:-1","max-image-preview":"max-image-preview:large","max-video-preview":"max-video-preview:-1"},"canonical":"https:\/\/cope.ro\/en\/sala-dimitrie-cantemir\/","og_locale":"en_US","og_type":"article","og_title":"Sala Dimitrie Cantemir\u200b - Cope","og_description":"Sala Dimitrie Cantemir Sala Dimitrie Cantemir (Salonul Alb) se afl\u0103 l\u00e2ng\u0103 Cabinetul pre\u015fedintelui Senatului Rom\u00e2niei \u0219i g\u0103zduie\u015fte primiri ale delega\u021biilor care efectueaz\u0103 vizite oficiale, \u00eentrevederi, precum \u015fi evenimente organizate de comisiile parlamentare. Principala caracteristic\u0103 arhitectural\u0103 a s\u0103lii este \u00eembinarea de diferite esen\u021be pentru realizarea pardoselii, mai exact: stejar, paltin, mahon, cu chenar perimetral.Mobilat ini\u0163ial, \u00een [&hellip;]","og_url":"https:\/\/cope.ro\/en\/sala-dimitrie-cantemir\/","og_site_name":"Cope","article_modified_time":"2025-12-09T08:11:11+00:00","og_image":[{"width":1600,"height":900,"url":"https:\/\/cope.ro\/wp-content\/uploads\/SHJ1.jpg","type":"image\/jpeg"}],"twitter_card":"summary_large_image","twitter_misc":{"Est. reading time":"1 minute"},"schema":{"@context":"https:\/\/schema.org","@graph":[{"@type":"WebPage","@id":"https:\/\/cope.ro\/en\/sala-dimitrie-cantemir\/","url":"https:\/\/cope.ro\/en\/sala-dimitrie-cantemir\/","name":"Sala Dimitrie Cantemir\u200b - Cope","isPartOf":{"@id":"https:\/\/cope.ro\/en\/#website"},"datePublished":"2025-12-02T12:36:38+00:00","dateModified":"2025-12-09T08:11:11+00:00","breadcrumb":{"@id":"https:\/\/cope.ro\/en\/sala-dimitrie-cantemir\/#breadcrumb"},"inLanguage":"en-US","potentialAction":[{"@type":"ReadAction","target":["https:\/\/cope.ro\/en\/sala-dimitrie-cantemir\/"]}]},{"@type":"BreadcrumbList","@id":"https:\/\/cope.ro\/en\/sala-dimitrie-cantemir\/#breadcrumb","itemListElement":[{"@type":"ListItem","position":1,"name":"Prima pagin\u0103","item":"https:\/\/cope.ro\/en\/"},{"@type":"ListItem","position":2,"name":"Sala Dimitrie Cantemir\u200b"}]},{"@type":"WebSite","@id":"https:\/\/cope.ro\/en\/#website","url":"https:\/\/cope.ro\/en\/","name":"Center for organizing and promoting events","description":"Centrul pentru organizare \u0219i promovare evenimente","publisher":{"@id":"https:\/\/cope.ro\/en\/#organization"},"potentialAction":[{"@type":"SearchAction","target":{"@type":"EntryPoint","urlTemplate":"https:\/\/cope.ro\/en\/?s={search_term_string}"},"query-input":{"@type":"PropertyValueSpecification","valueRequired":true,"valueName":"search_term_string"}}],"inLanguage":"en-US"},{"@type":"Organization","@id":"https:\/\/cope.ro\/en\/#organization","name":"Center for organizing and promoting events","url":"https:\/\/cope.ro\/en\/","logo":{"@type":"ImageObject","inLanguage":"en-US","@id":"https:\/\/cope.ro\/en\/#\/schema\/logo\/image\/","url":"https:\/\/cope.ro\/wp-content\/uploads\/Logo-COPE-H11.png","contentUrl":"https:\/\/cope.ro\/wp-content\/uploads\/Logo-COPE-H11.png","width":2023,"height":872,"caption":"Center for organizing and promoting events"},"image":{"@id":"https:\/\/cope.ro\/en\/#\/schema\/logo\/image\/"}}]}},"_links":{"self":[{"href":"https:\/\/cope.ro\/en\/wp-json\/wp\/v2\/pages\/951","targetHints":{"allow":["GET"]}}],"collection":[{"href":"https:\/\/cope.ro\/en\/wp-json\/wp\/v2\/pages"}],"about":[{"href":"https:\/\/cope.ro\/en\/wp-json\/wp\/v2\/types\/page"}],"author":[{"embeddable":true,"href":"https:\/\/cope.ro\/en\/wp-json\/wp\/v2\/users\/4"}],"replies":[{"embeddable":true,"href":"https:\/\/cope.ro\/en\/wp-json\/wp\/v2\/comments?post=951"}],"version-history":[{"count":1,"href":"https:\/\/cope.ro\/en\/wp-json\/wp\/v2\/pages\/951\/revisions"}],"predecessor-version":[{"id":952,"href":"https:\/\/cope.ro\/en\/wp-json\/wp\/v2\/pages\/951\/revisions\/952"}],"wp:attachment":[{"href":"https:\/\/cope.ro\/en\/wp-json\/wp\/v2\/media?parent=951"}],"curies":[{"name":"wp","href":"https:\/\/api.w.org\/{rel}","templated":true}]}}