{"id":945,"date":"2025-12-02T14:35:20","date_gmt":"2025-12-02T12:35:20","guid":{"rendered":"https:\/\/emiralmedia.ro\/site\/cope\/sala-avram-iancu\/"},"modified":"2025-12-09T10:10:24","modified_gmt":"2025-12-09T08:10:24","slug":"avram-iancu-hall","status":"publish","type":"page","link":"https:\/\/cope.ro\/en\/avram-iancu-hall\/","title":{"rendered":"Avram Iancu Hall"},"content":{"rendered":"\t\t<div data-elementor-type=\"wp-page\" data-elementor-id=\"945\" class=\"elementor elementor-945 elementor-489\" data-elementor-post-type=\"page\">\n\t\t\t\t<div class=\"elementor-element elementor-element-d17576 e-flex e-con-boxed e-con e-parent\" data-id=\"d17576\" data-element_type=\"container\" data-e-type=\"container\" data-settings=\"{&quot;background_background&quot;:&quot;classic&quot;}\">\n\t\t\t\t\t<div class=\"e-con-inner\">\n\t\t<div class=\"elementor-element elementor-element-766ab126 e-con-full e-flex e-con e-child\" data-id=\"766ab126\" data-element_type=\"container\" data-e-type=\"container\">\n\t\t\t\t<div class=\"elementor-element elementor-element-3bf1d0c0 elementor-invisible elementor-widget elementor-widget-heading\" data-id=\"3bf1d0c0\" data-element_type=\"widget\" data-e-type=\"widget\" data-settings=\"{&quot;_animation&quot;:&quot;fadeInUp&quot;,&quot;_animation_delay&quot;:200}\" data-widget_type=\"heading.default\">\n\t\t\t\t\t<h1 class=\"elementor-heading-title elementor-size-default\">Avram Iancu Hall<\/h1>\t\t\t\t<\/div>\n\t\t\t\t<\/div>\n\t\t\t\t\t<\/div>\n\t\t\t\t<\/div>\n\t\t<div class=\"elementor-element elementor-element-078bdb4 e-flex e-con-boxed e-con e-parent\" data-id=\"078bdb4\" data-element_type=\"container\" data-e-type=\"container\">\n\t\t\t\t\t<div class=\"e-con-inner\">\n\t\t<div class=\"elementor-element elementor-element-1217cc4 e-con-full e-flex e-con e-child\" data-id=\"1217cc4\" data-element_type=\"container\" data-e-type=\"container\">\n\t\t<div class=\"elementor-element elementor-element-4f7222b e-con-full e-flex e-con e-child\" data-id=\"4f7222b\" data-element_type=\"container\" data-e-type=\"container\" data-settings=\"{&quot;background_background&quot;:&quot;classic&quot;}\">\n\t\t\t\t<div class=\"elementor-element elementor-element-a33445f elementor-widget elementor-widget-text-editor\" data-id=\"a33445f\" data-element_type=\"widget\" data-e-type=\"widget\" data-widget_type=\"text-editor.default\">\n\t\t\t\t\t\t\t\t\tThe Avram Iancu Hall has a floor made of white Ru\u015fchi\u0163a marble, with decorative elements made of red Moneasa and beige C\u0103prior marble. On the walls, decorative plaster &#8220;mirrors&#8221; alternate, with plaster stucco with floral decorative elements and pilasters made of white Ru\u015fchi\u0163a marble, with grooves. The Avram Iancu Hall has an area of \u200b\u200b450 m2 and a capacity of 61 seats.\t\t\t\t\t\t\t\t<\/div>\n\t\t<div class=\"elementor-element elementor-element-2f08338 e-con-full e-flex e-con e-child\" data-id=\"2f08338\" data-element_type=\"container\" data-e-type=\"container\" data-settings=\"{&quot;background_background&quot;:&quot;slideshow&quot;,&quot;background_slideshow_gallery&quot;:[{&quot;id&quot;:943,&quot;url&quot;:&quot;https:\\\/\\\/cope.ro\\\/wp-content\\\/uploads\\\/Avram-Iancu-Sala-J3.jpg&quot;},{&quot;id&quot;:944,&quot;url&quot;:&quot;https:\\\/\\\/cope.ro\\\/wp-content\\\/uploads\\\/Avram-Iancu-Sala-J2.jpg&quot;},{&quot;id&quot;:942,&quot;url&quot;:&quot;https:\\\/\\\/cope.ro\\\/wp-content\\\/uploads\\\/Avram-Iancu-Sala-J1.jpg&quot;}],&quot;background_slideshow_lazyload&quot;:&quot;yes&quot;,&quot;background_slideshow_ken_burns&quot;:&quot;yes&quot;,&quot;background_slideshow_loop&quot;:&quot;yes&quot;,&quot;background_slideshow_slide_duration&quot;:5000,&quot;background_slideshow_slide_transition&quot;:&quot;fade&quot;,&quot;background_slideshow_transition_duration&quot;:500,&quot;background_slideshow_ken_burns_zoom_direction&quot;:&quot;in&quot;}\">\n\t\t\t\t<\/div>\n\t\t\t\t<div class=\"elementor-element elementor-element-ce998a8 elementor-widget elementor-widget-text-editor\" data-id=\"ce998a8\" data-element_type=\"widget\" data-e-type=\"widget\" data-widget_type=\"text-editor.default\">\n\t\t\t\t\t\t\t\t\tUntil 2004, the hall was used for meetings organized by the International Conference Center, within the Chamber of Deputies. After 2005, it was used mainly for meetings of the Permanent Bureau of the Senate and occasionally for meetings of Romanian parliamentarians with foreign delegations.\nCurrently, the meetings of the joint Permanent Bureaus of the Chamber of Deputies and the Senate take place here.\t\t\t\t\t\t\t\t<\/div>\n\t\t\t\t<\/div>\n\t\t\t\t<\/div>\n\t\t\t\t\t<\/div>\n\t\t\t\t<\/div>\n\t\t<div class=\"elementor-element elementor-element-2508744 e-flex e-con-boxed e-con e-parent\" data-id=\"2508744\" data-element_type=\"container\" data-e-type=\"container\" data-settings=\"{&quot;background_background&quot;:&quot;classic&quot;}\">\n\t\t\t\t\t<div class=\"e-con-inner\">\n\t\t<div class=\"elementor-element elementor-element-e52c968 e-con-full e-flex elementor-invisible e-con e-child\" data-id=\"e52c968\" data-element_type=\"container\" data-e-type=\"container\" data-settings=\"{&quot;animation&quot;:&quot;fadeInRight&quot;,&quot;animation_delay&quot;:200}\">\n\t\t\t\t<div class=\"elementor-element elementor-element-af4758d elementor-widget elementor-widget-heading\" data-id=\"af4758d\" data-element_type=\"widget\" data-e-type=\"widget\" data-widget_type=\"heading.default\">\n\t\t\t\t\t<div class=\"elementor-heading-title elementor-size-default\">Schedule a visit<\/div>\t\t\t\t<\/div>\n\t\t\t\t<div class=\"elementor-element elementor-element-268d74d elementor-widget elementor-widget-heading\" data-id=\"268d74d\" data-element_type=\"widget\" data-e-type=\"widget\" data-widget_type=\"heading.default\">\n\t\t\t\t\t<div class=\"elementor-heading-title elementor-size-default\">Discover the impressive spaces of the Palace of Parliament and live the unique experience offered by the Senate of Romania. Explore the architecture, atmosphere and facilities in a dedicated tour, which allows you to fully understand the potential of each space.<\/div>\t\t\t\t<\/div>\n\t\t\t\t<div class=\"elementor-element elementor-element-27ad991 elementor-mobile-align-justify elementor-align-center elementor-invisible elementor-widget elementor-widget-button\" data-id=\"27ad991\" data-element_type=\"widget\" data-e-type=\"widget\" data-settings=\"{&quot;_animation&quot;:&quot;fadeInLeft&quot;,&quot;_animation_delay&quot;:400}\" data-widget_type=\"button.default\">\n\t\t\t\t\t\t\t\t\t\t<a class=\"elementor-button elementor-button-link elementor-size-sm\" href=\"https:\/\/cope.ro\/en\/visits\/\">\n\t\t\t\t\t\t<span class=\"elementor-button-content-wrapper\">\n\t\t\t\t\t\t\t\t\t<span class=\"elementor-button-text\">Schedule a visit<\/span>\n\t\t\t\t\t<\/span>\n\t\t\t\t\t<\/a>\n\t\t\t\t\t\t\t\t<\/div>\n\t\t\t\t<\/div>\n\t\t\t\t\t<\/div>\n\t\t\t\t<\/div>\n\t\t\t\t<\/div>\n\t\t","protected":false},"excerpt":{"rendered":"<p>Avram Iancu Hall The Avram Iancu Hall has a floor made of white Ru\u015fchi\u0163a marble, with decorative elements made of red Moneasa and beige C\u0103prior marble. On the walls, decorative plaster &#8220;mirrors&#8221; alternate, with plaster stucco with floral decorative elements and pilasters made of white Ru\u015fchi\u0163a marble, with grooves. The Avram Iancu Hall has an [&hellip;]<\/p>\n","protected":false},"author":4,"featured_media":0,"parent":0,"menu_order":0,"comment_status":"closed","ping_status":"closed","template":"","meta":{"footnotes":""},"class_list":["post-945","page","type-page","status-publish","hentry"],"yoast_head":"<!-- This site is optimized with the Yoast SEO plugin v27.2 - https:\/\/yoast.com\/product\/yoast-seo-wordpress\/ -->\n<title>Avram Iancu Hall - Cope<\/title>\n<meta name=\"robots\" content=\"index, follow, max-snippet:-1, max-image-preview:large, max-video-preview:-1\" \/>\n<link rel=\"canonical\" href=\"https:\/\/cope.ro\/en\/avram-iancu-hall\/\" \/>\n<meta property=\"og:locale\" content=\"en_US\" \/>\n<meta property=\"og:type\" content=\"article\" \/>\n<meta property=\"og:title\" content=\"Avram Iancu Hall - Cope\" \/>\n<meta property=\"og:description\" content=\"Avram Iancu Hall The Avram Iancu Hall has a floor made of white Ru\u015fchi\u0163a marble, with decorative elements made of red Moneasa and beige C\u0103prior marble. On the walls, decorative plaster &#8220;mirrors&#8221; alternate, with plaster stucco with floral decorative elements and pilasters made of white Ru\u015fchi\u0163a marble, with grooves. The Avram Iancu Hall has an [&hellip;]\" \/>\n<meta property=\"og:url\" content=\"https:\/\/cope.ro\/en\/avram-iancu-hall\/\" \/>\n<meta property=\"og:site_name\" content=\"Cope\" \/>\n<meta property=\"article:modified_time\" content=\"2025-12-09T08:10:24+00:00\" \/>\n<meta property=\"og:image\" content=\"https:\/\/cope.ro\/wp-content\/uploads\/SHJ1.jpg\" \/>\n\t<meta property=\"og:image:width\" content=\"1600\" \/>\n\t<meta property=\"og:image:height\" content=\"900\" \/>\n\t<meta property=\"og:image:type\" content=\"image\/jpeg\" \/>\n<meta name=\"twitter:card\" content=\"summary_large_image\" \/>\n<meta name=\"twitter:label1\" content=\"Est. reading time\" \/>\n\t<meta name=\"twitter:data1\" content=\"1 minute\" \/>\n<script type=\"application\/ld+json\" class=\"yoast-schema-graph\">{\"@context\":\"https:\/\/schema.org\",\"@graph\":[{\"@type\":\"WebPage\",\"@id\":\"https:\/\/cope.ro\/en\/avram-iancu-hall\/\",\"url\":\"https:\/\/cope.ro\/en\/avram-iancu-hall\/\",\"name\":\"Avram Iancu Hall - Cope\",\"isPartOf\":{\"@id\":\"https:\/\/cope.ro\/en\/#website\"},\"datePublished\":\"2025-12-02T12:35:20+00:00\",\"dateModified\":\"2025-12-09T08:10:24+00:00\",\"breadcrumb\":{\"@id\":\"https:\/\/cope.ro\/en\/avram-iancu-hall\/#breadcrumb\"},\"inLanguage\":\"en-US\",\"potentialAction\":[{\"@type\":\"ReadAction\",\"target\":[\"https:\/\/cope.ro\/en\/avram-iancu-hall\/\"]}]},{\"@type\":\"BreadcrumbList\",\"@id\":\"https:\/\/cope.ro\/en\/avram-iancu-hall\/#breadcrumb\",\"itemListElement\":[{\"@type\":\"ListItem\",\"position\":1,\"name\":\"Prima pagin\u0103\",\"item\":\"https:\/\/cope.ro\/en\/\"},{\"@type\":\"ListItem\",\"position\":2,\"name\":\"Avram Iancu Hall\"}]},{\"@type\":\"WebSite\",\"@id\":\"https:\/\/cope.ro\/en\/#website\",\"url\":\"https:\/\/cope.ro\/en\/\",\"name\":\"Center for organizing and promoting events\",\"description\":\"Centrul pentru organizare \u0219i promovare evenimente\",\"publisher\":{\"@id\":\"https:\/\/cope.ro\/en\/#organization\"},\"potentialAction\":[{\"@type\":\"SearchAction\",\"target\":{\"@type\":\"EntryPoint\",\"urlTemplate\":\"https:\/\/cope.ro\/en\/?s={search_term_string}\"},\"query-input\":{\"@type\":\"PropertyValueSpecification\",\"valueRequired\":true,\"valueName\":\"search_term_string\"}}],\"inLanguage\":\"en-US\"},{\"@type\":\"Organization\",\"@id\":\"https:\/\/cope.ro\/en\/#organization\",\"name\":\"Center for organizing and promoting events\",\"url\":\"https:\/\/cope.ro\/en\/\",\"logo\":{\"@type\":\"ImageObject\",\"inLanguage\":\"en-US\",\"@id\":\"https:\/\/cope.ro\/en\/#\/schema\/logo\/image\/\",\"url\":\"https:\/\/cope.ro\/wp-content\/uploads\/Logo-COPE-H11.png\",\"contentUrl\":\"https:\/\/cope.ro\/wp-content\/uploads\/Logo-COPE-H11.png\",\"width\":2023,\"height\":872,\"caption\":\"Center for organizing and promoting events\"},\"image\":{\"@id\":\"https:\/\/cope.ro\/en\/#\/schema\/logo\/image\/\"}}]}<\/script>\n<!-- \/ Yoast SEO plugin. -->","yoast_head_json":{"title":"Avram Iancu Hall - Cope","robots":{"index":"index","follow":"follow","max-snippet":"max-snippet:-1","max-image-preview":"max-image-preview:large","max-video-preview":"max-video-preview:-1"},"canonical":"https:\/\/cope.ro\/en\/avram-iancu-hall\/","og_locale":"en_US","og_type":"article","og_title":"Avram Iancu Hall - Cope","og_description":"Avram Iancu Hall The Avram Iancu Hall has a floor made of white Ru\u015fchi\u0163a marble, with decorative elements made of red Moneasa and beige C\u0103prior marble. On the walls, decorative plaster &#8220;mirrors&#8221; alternate, with plaster stucco with floral decorative elements and pilasters made of white Ru\u015fchi\u0163a marble, with grooves. The Avram Iancu Hall has an [&hellip;]","og_url":"https:\/\/cope.ro\/en\/avram-iancu-hall\/","og_site_name":"Cope","article_modified_time":"2025-12-09T08:10:24+00:00","og_image":[{"width":1600,"height":900,"url":"https:\/\/cope.ro\/wp-content\/uploads\/SHJ1.jpg","type":"image\/jpeg"}],"twitter_card":"summary_large_image","twitter_misc":{"Est. reading time":"1 minute"},"schema":{"@context":"https:\/\/schema.org","@graph":[{"@type":"WebPage","@id":"https:\/\/cope.ro\/en\/avram-iancu-hall\/","url":"https:\/\/cope.ro\/en\/avram-iancu-hall\/","name":"Avram Iancu Hall - Cope","isPartOf":{"@id":"https:\/\/cope.ro\/en\/#website"},"datePublished":"2025-12-02T12:35:20+00:00","dateModified":"2025-12-09T08:10:24+00:00","breadcrumb":{"@id":"https:\/\/cope.ro\/en\/avram-iancu-hall\/#breadcrumb"},"inLanguage":"en-US","potentialAction":[{"@type":"ReadAction","target":["https:\/\/cope.ro\/en\/avram-iancu-hall\/"]}]},{"@type":"BreadcrumbList","@id":"https:\/\/cope.ro\/en\/avram-iancu-hall\/#breadcrumb","itemListElement":[{"@type":"ListItem","position":1,"name":"Prima pagin\u0103","item":"https:\/\/cope.ro\/en\/"},{"@type":"ListItem","position":2,"name":"Avram Iancu Hall"}]},{"@type":"WebSite","@id":"https:\/\/cope.ro\/en\/#website","url":"https:\/\/cope.ro\/en\/","name":"Center for organizing and promoting events","description":"Centrul pentru organizare \u0219i promovare evenimente","publisher":{"@id":"https:\/\/cope.ro\/en\/#organization"},"potentialAction":[{"@type":"SearchAction","target":{"@type":"EntryPoint","urlTemplate":"https:\/\/cope.ro\/en\/?s={search_term_string}"},"query-input":{"@type":"PropertyValueSpecification","valueRequired":true,"valueName":"search_term_string"}}],"inLanguage":"en-US"},{"@type":"Organization","@id":"https:\/\/cope.ro\/en\/#organization","name":"Center for organizing and promoting events","url":"https:\/\/cope.ro\/en\/","logo":{"@type":"ImageObject","inLanguage":"en-US","@id":"https:\/\/cope.ro\/en\/#\/schema\/logo\/image\/","url":"https:\/\/cope.ro\/wp-content\/uploads\/Logo-COPE-H11.png","contentUrl":"https:\/\/cope.ro\/wp-content\/uploads\/Logo-COPE-H11.png","width":2023,"height":872,"caption":"Center for organizing and promoting events"},"image":{"@id":"https:\/\/cope.ro\/en\/#\/schema\/logo\/image\/"}}]}},"_links":{"self":[{"href":"https:\/\/cope.ro\/en\/wp-json\/wp\/v2\/pages\/945","targetHints":{"allow":["GET"]}}],"collection":[{"href":"https:\/\/cope.ro\/en\/wp-json\/wp\/v2\/pages"}],"about":[{"href":"https:\/\/cope.ro\/en\/wp-json\/wp\/v2\/types\/page"}],"author":[{"embeddable":true,"href":"https:\/\/cope.ro\/en\/wp-json\/wp\/v2\/users\/4"}],"replies":[{"embeddable":true,"href":"https:\/\/cope.ro\/en\/wp-json\/wp\/v2\/comments?post=945"}],"version-history":[{"count":5,"href":"https:\/\/cope.ro\/en\/wp-json\/wp\/v2\/pages\/945\/revisions"}],"predecessor-version":[{"id":950,"href":"https:\/\/cope.ro\/en\/wp-json\/wp\/v2\/pages\/945\/revisions\/950"}],"wp:attachment":[{"href":"https:\/\/cope.ro\/en\/wp-json\/wp\/v2\/media?parent=945"}],"curies":[{"name":"wp","href":"https:\/\/api.w.org\/{rel}","templated":true}]}}